{"id":570,"date":"2026-02-07T18:52:07","date_gmt":"2026-02-07T23:52:07","guid":{"rendered":"https:\/\/nomnomtv.ca\/product\/formuler-bt-remote\/"},"modified":"2026-02-16T13:47:11","modified_gmt":"2026-02-16T18:47:11","slug":"formuler-bt-remote","status":"publish","type":"product","link":"https:\/\/nomnomtv.ca\/en\/product\/formuler-bt-remote\/","title":{"rendered":"Formuler BT Remote"},"content":{"rendered":"","protected":false},"excerpt":{"rendered":"","protected":false},"featured_media":571,"template":"","meta":[],"product_brand":[],"product_cat":[24],"product_tag":[],"class_list":{"0":"post-570","1":"product","2":"type-product","3":"status-publish","4":"has-post-thumbnail","6":"product_cat-non-classe","8":"first","9":"instock","10":"shipping-taxable","11":"purchasable","12":"product-type-simple"},"yoast_head":"<!-- This site is optimized with the Yoast SEO plugin v27.3 - https:\/\/yoast.com\/product\/yoast-seo-wordpress\/ -->\n<title>Formuler BT Remote - Meilleur d\u00e9codeur Android IPTV cl\u00e9 en main au Qu\u00e9bec<\/title>\n<meta name=\"robots\" content=\"index, follow, max-snippet:-1, max-image-preview:large, max-video-preview:-1\" \/>\n<link rel=\"canonical\" href=\"https:\/\/nomnomtv.ca\/en\/product\/formuler-bt-remote\/\" \/>\n<meta property=\"og:locale\" content=\"en_US\" \/>\n<meta property=\"og:type\" content=\"article\" \/>\n<meta property=\"og:title\" content=\"Formuler BT Remote - Meilleur d\u00e9codeur Android IPTV cl\u00e9 en main au Qu\u00e9bec\" \/>\n<meta property=\"og:url\" content=\"https:\/\/nomnomtv.ca\/en\/product\/formuler-bt-remote\/\" \/>\n<meta property=\"og:site_name\" content=\"Meilleur d\u00e9codeur Android IPTV cl\u00e9 en main au Qu\u00e9bec\" \/>\n<meta property=\"article:modified_time\" content=\"2026-02-16T18:47:11+00:00\" \/>\n<meta property=\"og:image\" content=\"https:\/\/nomnomtv.ca\/wp-content\/uploads\/2026\/02\/formule-mini-1-manette.png\" \/>\n\t<meta property=\"og:image:width\" content=\"600\" \/>\n\t<meta property=\"og:image:height\" content=\"600\" \/>\n\t<meta property=\"og:image:type\" content=\"image\/png\" \/>\n<meta name=\"twitter:card\" content=\"summary_large_image\" \/>\n<script type=\"application\/ld+json\" class=\"yoast-schema-graph\">{\"@context\":\"https:\\\/\\\/schema.org\",\"@graph\":[{\"@type\":\"WebPage\",\"@id\":\"https:\\\/\\\/nomnomtv.ca\\\/en\\\/product\\\/formuler-bt-remote\\\/\",\"url\":\"https:\\\/\\\/nomnomtv.ca\\\/en\\\/product\\\/formuler-bt-remote\\\/\",\"name\":\"Formuler BT Remote - Meilleur d\u00e9codeur Android IPTV cl\u00e9 en main au Qu\u00e9bec\",\"isPartOf\":{\"@id\":\"https:\\\/\\\/nomnomtv.ca\\\/en\\\/#website\"},\"primaryImageOfPage\":{\"@id\":\"https:\\\/\\\/nomnomtv.ca\\\/en\\\/product\\\/formuler-bt-remote\\\/#primaryimage\"},\"image\":{\"@id\":\"https:\\\/\\\/nomnomtv.ca\\\/en\\\/product\\\/formuler-bt-remote\\\/#primaryimage\"},\"thumbnailUrl\":\"https:\\\/\\\/nomnomtv.ca\\\/wp-content\\\/uploads\\\/2026\\\/02\\\/edge-iptv-streaming-rapide-stable.png\",\"datePublished\":\"2026-02-07T23:52:07+00:00\",\"dateModified\":\"2026-02-16T18:47:11+00:00\",\"breadcrumb\":{\"@id\":\"https:\\\/\\\/nomnomtv.ca\\\/en\\\/product\\\/formuler-bt-remote\\\/#breadcrumb\"},\"inLanguage\":\"en-US\",\"potentialAction\":[{\"@type\":\"ReadAction\",\"target\":[\"https:\\\/\\\/nomnomtv.ca\\\/en\\\/product\\\/formuler-bt-remote\\\/\"]}]},{\"@type\":\"ImageObject\",\"inLanguage\":\"en-US\",\"@id\":\"https:\\\/\\\/nomnomtv.ca\\\/en\\\/product\\\/formuler-bt-remote\\\/#primaryimage\",\"url\":\"https:\\\/\\\/nomnomtv.ca\\\/wp-content\\\/uploads\\\/2026\\\/02\\\/edge-iptv-streaming-rapide-stable.png\",\"contentUrl\":\"https:\\\/\\\/nomnomtv.ca\\\/wp-content\\\/uploads\\\/2026\\\/02\\\/edge-iptv-streaming-rapide-stable.png\",\"width\":600,\"height\":600},{\"@type\":\"BreadcrumbList\",\"@id\":\"https:\\\/\\\/nomnomtv.ca\\\/en\\\/product\\\/formuler-bt-remote\\\/#breadcrumb\",\"itemListElement\":[{\"@type\":\"ListItem\",\"position\":1,\"name\":\"Accueil\",\"item\":\"https:\\\/\\\/nomnomtv.ca\\\/en\\\/home\\\/\"},{\"@type\":\"ListItem\",\"position\":2,\"name\":\"Shop\",\"item\":\"https:\\\/\\\/nomnomtv.ca\\\/en\\\/shop\\\/\"},{\"@type\":\"ListItem\",\"position\":3,\"name\":\"Formuler BT Remote\"}]},{\"@type\":\"WebSite\",\"@id\":\"https:\\\/\\\/nomnomtv.ca\\\/en\\\/#website\",\"url\":\"https:\\\/\\\/nomnomtv.ca\\\/en\\\/\",\"name\":\"NomNomTV\",\"description\":\"La t\u00e9l\u00e9 qui avale tout sur son passage\",\"publisher\":{\"@id\":\"https:\\\/\\\/nomnomtv.ca\\\/en\\\/#organization\"},\"potentialAction\":[{\"@type\":\"SearchAction\",\"target\":{\"@type\":\"EntryPoint\",\"urlTemplate\":\"https:\\\/\\\/nomnomtv.ca\\\/en\\\/?s={search_term_string}\"},\"query-input\":{\"@type\":\"PropertyValueSpecification\",\"valueRequired\":true,\"valueName\":\"search_term_string\"}}],\"inLanguage\":\"en-US\"},{\"@type\":\"Organization\",\"@id\":\"https:\\\/\\\/nomnomtv.ca\\\/en\\\/#organization\",\"name\":\"NomNomTV\",\"url\":\"https:\\\/\\\/nomnomtv.ca\\\/en\\\/\",\"logo\":{\"@type\":\"ImageObject\",\"inLanguage\":\"en-US\",\"@id\":\"https:\\\/\\\/nomnomtv.ca\\\/en\\\/#\\\/schema\\\/logo\\\/image\\\/\",\"url\":\"https:\\\/\\\/nomnomtv.ca\\\/wp-content\\\/uploads\\\/2026\\\/01\\\/nomnom-tv-logo-blanc.png\",\"contentUrl\":\"https:\\\/\\\/nomnomtv.ca\\\/wp-content\\\/uploads\\\/2026\\\/01\\\/nomnom-tv-logo-blanc.png\",\"width\":599,\"height\":709,\"caption\":\"NomNomTV\"},\"image\":{\"@id\":\"https:\\\/\\\/nomnomtv.ca\\\/en\\\/#\\\/schema\\\/logo\\\/image\\\/\"}}]}<\/script>\n<!-- \/ Yoast SEO plugin. -->","yoast_head_json":{"title":"Formuler BT Remote - Meilleur d\u00e9codeur Android IPTV cl\u00e9 en main au Qu\u00e9bec","robots":{"index":"index","follow":"follow","max-snippet":"max-snippet:-1","max-image-preview":"max-image-preview:large","max-video-preview":"max-video-preview:-1"},"canonical":"https:\/\/nomnomtv.ca\/en\/product\/formuler-bt-remote\/","og_locale":"en_US","og_type":"article","og_title":"Formuler BT Remote - Meilleur d\u00e9codeur Android IPTV cl\u00e9 en main au Qu\u00e9bec","og_url":"https:\/\/nomnomtv.ca\/en\/product\/formuler-bt-remote\/","og_site_name":"Meilleur d\u00e9codeur Android IPTV cl\u00e9 en main au Qu\u00e9bec","article_modified_time":"2026-02-16T18:47:11+00:00","og_image":[{"width":600,"height":600,"url":"https:\/\/nomnomtv.ca\/wp-content\/uploads\/2026\/02\/formule-mini-1-manette.png","type":"image\/png"}],"twitter_card":"summary_large_image","schema":{"@context":"https:\/\/schema.org","@graph":[{"@type":"WebPage","@id":"https:\/\/nomnomtv.ca\/en\/product\/formuler-bt-remote\/","url":"https:\/\/nomnomtv.ca\/en\/product\/formuler-bt-remote\/","name":"Formuler BT Remote - Meilleur d\u00e9codeur Android IPTV cl\u00e9 en main au Qu\u00e9bec","isPartOf":{"@id":"https:\/\/nomnomtv.ca\/en\/#website"},"primaryImageOfPage":{"@id":"https:\/\/nomnomtv.ca\/en\/product\/formuler-bt-remote\/#primaryimage"},"image":{"@id":"https:\/\/nomnomtv.ca\/en\/product\/formuler-bt-remote\/#primaryimage"},"thumbnailUrl":"https:\/\/nomnomtv.ca\/wp-content\/uploads\/2026\/02\/edge-iptv-streaming-rapide-stable.png","datePublished":"2026-02-07T23:52:07+00:00","dateModified":"2026-02-16T18:47:11+00:00","breadcrumb":{"@id":"https:\/\/nomnomtv.ca\/en\/product\/formuler-bt-remote\/#breadcrumb"},"inLanguage":"en-US","potentialAction":[{"@type":"ReadAction","target":["https:\/\/nomnomtv.ca\/en\/product\/formuler-bt-remote\/"]}]},{"@type":"ImageObject","inLanguage":"en-US","@id":"https:\/\/nomnomtv.ca\/en\/product\/formuler-bt-remote\/#primaryimage","url":"https:\/\/nomnomtv.ca\/wp-content\/uploads\/2026\/02\/edge-iptv-streaming-rapide-stable.png","contentUrl":"https:\/\/nomnomtv.ca\/wp-content\/uploads\/2026\/02\/edge-iptv-streaming-rapide-stable.png","width":600,"height":600},{"@type":"BreadcrumbList","@id":"https:\/\/nomnomtv.ca\/en\/product\/formuler-bt-remote\/#breadcrumb","itemListElement":[{"@type":"ListItem","position":1,"name":"Accueil","item":"https:\/\/nomnomtv.ca\/en\/home\/"},{"@type":"ListItem","position":2,"name":"Shop","item":"https:\/\/nomnomtv.ca\/en\/shop\/"},{"@type":"ListItem","position":3,"name":"Formuler BT Remote"}]},{"@type":"WebSite","@id":"https:\/\/nomnomtv.ca\/en\/#website","url":"https:\/\/nomnomtv.ca\/en\/","name":"NomNomTV","description":"La t\u00e9l\u00e9 qui avale tout sur son passage","publisher":{"@id":"https:\/\/nomnomtv.ca\/en\/#organization"},"potentialAction":[{"@type":"SearchAction","target":{"@type":"EntryPoint","urlTemplate":"https:\/\/nomnomtv.ca\/en\/?s={search_term_string}"},"query-input":{"@type":"PropertyValueSpecification","valueRequired":true,"valueName":"search_term_string"}}],"inLanguage":"en-US"},{"@type":"Organization","@id":"https:\/\/nomnomtv.ca\/en\/#organization","name":"NomNomTV","url":"https:\/\/nomnomtv.ca\/en\/","logo":{"@type":"ImageObject","inLanguage":"en-US","@id":"https:\/\/nomnomtv.ca\/en\/#\/schema\/logo\/image\/","url":"https:\/\/nomnomtv.ca\/wp-content\/uploads\/2026\/01\/nomnom-tv-logo-blanc.png","contentUrl":"https:\/\/nomnomtv.ca\/wp-content\/uploads\/2026\/01\/nomnom-tv-logo-blanc.png","width":599,"height":709,"caption":"NomNomTV"},"image":{"@id":"https:\/\/nomnomtv.ca\/en\/#\/schema\/logo\/image\/"}}]}},"jetpack_sharing_enabled":true,"_links":{"self":[{"href":"https:\/\/nomnomtv.ca\/en\/wp-json\/wp\/v2\/product\/570","targetHints":{"allow":["GET"]}}],"collection":[{"href":"https:\/\/nomnomtv.ca\/en\/wp-json\/wp\/v2\/product"}],"about":[{"href":"https:\/\/nomnomtv.ca\/en\/wp-json\/wp\/v2\/types\/product"}],"wp:featuredmedia":[{"embeddable":true,"href":"https:\/\/nomnomtv.ca\/en\/wp-json\/wp\/v2\/media\/571"}],"wp:attachment":[{"href":"https:\/\/nomnomtv.ca\/en\/wp-json\/wp\/v2\/media?parent=570"}],"wp:term":[{"taxonomy":"product_brand","embeddable":true,"href":"https:\/\/nomnomtv.ca\/en\/wp-json\/wp\/v2\/product_brand?post=570"},{"taxonomy":"product_cat","embeddable":true,"href":"https:\/\/nomnomtv.ca\/en\/wp-json\/wp\/v2\/product_cat?post=570"},{"taxonomy":"product_tag","embeddable":true,"href":"https:\/\/nomnomtv.ca\/en\/wp-json\/wp\/v2\/product_tag?post=570"}],"curies":[{"name":"wp","href":"https:\/\/api.w.org\/{rel}","templated":true}]}}