{"id":572,"date":"2026-02-07T20:01:01","date_gmt":"2026-02-08T01:01:01","guid":{"rendered":"https:\/\/nomnomtv.ca\/product\/24-hour-free-trial\/"},"modified":"2026-02-07T20:01:01","modified_gmt":"2026-02-08T01:01:01","slug":"24-hour-free-trial","status":"publish","type":"product","link":"https:\/\/nomnomtv.ca\/en\/product\/24-hour-free-trial\/","title":{"rendered":"24-HOUR FREE TRIAL"},"content":{"rendered":"","protected":false},"excerpt":{"rendered":"<p>Already have your Formuler device?<\/p>\n<p>24h free trial<\/p>\n<ul>\n<li>Enter your name + email<\/li>\n<li>Access unlimited content in less than 24h<\/li>\n<\/ul>\n<p>M3U format only (no MAC addresses)<\/p>\n","protected":false},"featured_media":0,"template":"","meta":[],"product_brand":[],"product_cat":[],"product_tag":[],"class_list":{"0":"post-572","1":"product","2":"type-product","3":"status-publish","6":"first","7":"instock","8":"virtual","9":"purchasable","10":"product-type-simple"},"yoast_head":"<!-- This site is optimized with the Yoast SEO plugin v27.3 - https:\/\/yoast.com\/product\/yoast-seo-wordpress\/ -->\n<title>24-HOUR FREE TRIAL - Meilleur d\u00e9codeur Android IPTV cl\u00e9 en main au Qu\u00e9bec<\/title>\n<meta name=\"robots\" content=\"index, follow, max-snippet:-1, max-image-preview:large, max-video-preview:-1\" \/>\n<link rel=\"canonical\" href=\"https:\/\/nomnomtv.ca\/en\/product\/24-hour-free-trial\/\" \/>\n<meta property=\"og:locale\" content=\"en_US\" \/>\n<meta property=\"og:type\" content=\"article\" \/>\n<meta property=\"og:title\" content=\"24-HOUR FREE TRIAL - Meilleur d\u00e9codeur Android IPTV cl\u00e9 en main au Qu\u00e9bec\" \/>\n<meta property=\"og:description\" content=\"Already have your Formuler device? 24h free trial  Enter your name + email  Access unlimited content in less than 24h M3U format only (no MAC addresses)\" \/>\n<meta property=\"og:url\" content=\"https:\/\/nomnomtv.ca\/en\/product\/24-hour-free-trial\/\" \/>\n<meta property=\"og:site_name\" content=\"Meilleur d\u00e9codeur Android IPTV cl\u00e9 en main au Qu\u00e9bec\" \/>\n<meta name=\"twitter:card\" content=\"summary_large_image\" \/>\n<script type=\"application\/ld+json\" class=\"yoast-schema-graph\">{\"@context\":\"https:\\\/\\\/schema.org\",\"@graph\":[{\"@type\":\"WebPage\",\"@id\":\"https:\\\/\\\/nomnomtv.ca\\\/en\\\/product\\\/24-hour-free-trial\\\/\",\"url\":\"https:\\\/\\\/nomnomtv.ca\\\/en\\\/product\\\/24-hour-free-trial\\\/\",\"name\":\"24-HOUR FREE TRIAL - Meilleur d\u00e9codeur Android IPTV cl\u00e9 en main au Qu\u00e9bec\",\"isPartOf\":{\"@id\":\"https:\\\/\\\/nomnomtv.ca\\\/en\\\/#website\"},\"datePublished\":\"2026-02-08T01:01:01+00:00\",\"breadcrumb\":{\"@id\":\"https:\\\/\\\/nomnomtv.ca\\\/en\\\/product\\\/24-hour-free-trial\\\/#breadcrumb\"},\"inLanguage\":\"en-US\",\"potentialAction\":[{\"@type\":\"ReadAction\",\"target\":[\"https:\\\/\\\/nomnomtv.ca\\\/en\\\/product\\\/24-hour-free-trial\\\/\"]}]},{\"@type\":\"BreadcrumbList\",\"@id\":\"https:\\\/\\\/nomnomtv.ca\\\/en\\\/product\\\/24-hour-free-trial\\\/#breadcrumb\",\"itemListElement\":[{\"@type\":\"ListItem\",\"position\":1,\"name\":\"Accueil\",\"item\":\"https:\\\/\\\/nomnomtv.ca\\\/en\\\/home\\\/\"},{\"@type\":\"ListItem\",\"position\":2,\"name\":\"Shop\",\"item\":\"https:\\\/\\\/nomnomtv.ca\\\/en\\\/shop\\\/\"},{\"@type\":\"ListItem\",\"position\":3,\"name\":\"24-HOUR FREE TRIAL\"}]},{\"@type\":\"WebSite\",\"@id\":\"https:\\\/\\\/nomnomtv.ca\\\/en\\\/#website\",\"url\":\"https:\\\/\\\/nomnomtv.ca\\\/en\\\/\",\"name\":\"NomNomTV\",\"description\":\"La t\u00e9l\u00e9 qui avale tout sur son passage\",\"publisher\":{\"@id\":\"https:\\\/\\\/nomnomtv.ca\\\/en\\\/#organization\"},\"potentialAction\":[{\"@type\":\"SearchAction\",\"target\":{\"@type\":\"EntryPoint\",\"urlTemplate\":\"https:\\\/\\\/nomnomtv.ca\\\/en\\\/?s={search_term_string}\"},\"query-input\":{\"@type\":\"PropertyValueSpecification\",\"valueRequired\":true,\"valueName\":\"search_term_string\"}}],\"inLanguage\":\"en-US\"},{\"@type\":\"Organization\",\"@id\":\"https:\\\/\\\/nomnomtv.ca\\\/en\\\/#organization\",\"name\":\"NomNomTV\",\"url\":\"https:\\\/\\\/nomnomtv.ca\\\/en\\\/\",\"logo\":{\"@type\":\"ImageObject\",\"inLanguage\":\"en-US\",\"@id\":\"https:\\\/\\\/nomnomtv.ca\\\/en\\\/#\\\/schema\\\/logo\\\/image\\\/\",\"url\":\"https:\\\/\\\/nomnomtv.ca\\\/wp-content\\\/uploads\\\/2026\\\/01\\\/nomnom-tv-logo-blanc.png\",\"contentUrl\":\"https:\\\/\\\/nomnomtv.ca\\\/wp-content\\\/uploads\\\/2026\\\/01\\\/nomnom-tv-logo-blanc.png\",\"width\":599,\"height\":709,\"caption\":\"NomNomTV\"},\"image\":{\"@id\":\"https:\\\/\\\/nomnomtv.ca\\\/en\\\/#\\\/schema\\\/logo\\\/image\\\/\"}}]}<\/script>\n<!-- \/ Yoast SEO plugin. -->","yoast_head_json":{"title":"24-HOUR FREE TRIAL - Meilleur d\u00e9codeur Android IPTV cl\u00e9 en main au Qu\u00e9bec","robots":{"index":"index","follow":"follow","max-snippet":"max-snippet:-1","max-image-preview":"max-image-preview:large","max-video-preview":"max-video-preview:-1"},"canonical":"https:\/\/nomnomtv.ca\/en\/product\/24-hour-free-trial\/","og_locale":"en_US","og_type":"article","og_title":"24-HOUR FREE TRIAL - Meilleur d\u00e9codeur Android IPTV cl\u00e9 en main au Qu\u00e9bec","og_description":"Already have your Formuler device? 24h free trial  Enter your name + email  Access unlimited content in less than 24h M3U format only (no MAC addresses)","og_url":"https:\/\/nomnomtv.ca\/en\/product\/24-hour-free-trial\/","og_site_name":"Meilleur d\u00e9codeur Android IPTV cl\u00e9 en main au Qu\u00e9bec","twitter_card":"summary_large_image","schema":{"@context":"https:\/\/schema.org","@graph":[{"@type":"WebPage","@id":"https:\/\/nomnomtv.ca\/en\/product\/24-hour-free-trial\/","url":"https:\/\/nomnomtv.ca\/en\/product\/24-hour-free-trial\/","name":"24-HOUR FREE TRIAL - Meilleur d\u00e9codeur Android IPTV cl\u00e9 en main au Qu\u00e9bec","isPartOf":{"@id":"https:\/\/nomnomtv.ca\/en\/#website"},"datePublished":"2026-02-08T01:01:01+00:00","breadcrumb":{"@id":"https:\/\/nomnomtv.ca\/en\/product\/24-hour-free-trial\/#breadcrumb"},"inLanguage":"en-US","potentialAction":[{"@type":"ReadAction","target":["https:\/\/nomnomtv.ca\/en\/product\/24-hour-free-trial\/"]}]},{"@type":"BreadcrumbList","@id":"https:\/\/nomnomtv.ca\/en\/product\/24-hour-free-trial\/#breadcrumb","itemListElement":[{"@type":"ListItem","position":1,"name":"Accueil","item":"https:\/\/nomnomtv.ca\/en\/home\/"},{"@type":"ListItem","position":2,"name":"Shop","item":"https:\/\/nomnomtv.ca\/en\/shop\/"},{"@type":"ListItem","position":3,"name":"24-HOUR FREE TRIAL"}]},{"@type":"WebSite","@id":"https:\/\/nomnomtv.ca\/en\/#website","url":"https:\/\/nomnomtv.ca\/en\/","name":"NomNomTV","description":"La t\u00e9l\u00e9 qui avale tout sur son passage","publisher":{"@id":"https:\/\/nomnomtv.ca\/en\/#organization"},"potentialAction":[{"@type":"SearchAction","target":{"@type":"EntryPoint","urlTemplate":"https:\/\/nomnomtv.ca\/en\/?s={search_term_string}"},"query-input":{"@type":"PropertyValueSpecification","valueRequired":true,"valueName":"search_term_string"}}],"inLanguage":"en-US"},{"@type":"Organization","@id":"https:\/\/nomnomtv.ca\/en\/#organization","name":"NomNomTV","url":"https:\/\/nomnomtv.ca\/en\/","logo":{"@type":"ImageObject","inLanguage":"en-US","@id":"https:\/\/nomnomtv.ca\/en\/#\/schema\/logo\/image\/","url":"https:\/\/nomnomtv.ca\/wp-content\/uploads\/2026\/01\/nomnom-tv-logo-blanc.png","contentUrl":"https:\/\/nomnomtv.ca\/wp-content\/uploads\/2026\/01\/nomnom-tv-logo-blanc.png","width":599,"height":709,"caption":"NomNomTV"},"image":{"@id":"https:\/\/nomnomtv.ca\/en\/#\/schema\/logo\/image\/"}}]}},"jetpack_sharing_enabled":true,"_links":{"self":[{"href":"https:\/\/nomnomtv.ca\/en\/wp-json\/wp\/v2\/product\/572","targetHints":{"allow":["GET"]}}],"collection":[{"href":"https:\/\/nomnomtv.ca\/en\/wp-json\/wp\/v2\/product"}],"about":[{"href":"https:\/\/nomnomtv.ca\/en\/wp-json\/wp\/v2\/types\/product"}],"wp:attachment":[{"href":"https:\/\/nomnomtv.ca\/en\/wp-json\/wp\/v2\/media?parent=572"}],"wp:term":[{"taxonomy":"product_brand","embeddable":true,"href":"https:\/\/nomnomtv.ca\/en\/wp-json\/wp\/v2\/product_brand?post=572"},{"taxonomy":"product_cat","embeddable":true,"href":"https:\/\/nomnomtv.ca\/en\/wp-json\/wp\/v2\/product_cat?post=572"},{"taxonomy":"product_tag","embeddable":true,"href":"https:\/\/nomnomtv.ca\/en\/wp-json\/wp\/v2\/product_tag?post=572"}],"curies":[{"name":"wp","href":"https:\/\/api.w.org\/{rel}","templated":true}]}}