{"id":595,"date":"2026-02-01T01:10:16","date_gmt":"2026-02-01T01:10:16","guid":{"rendered":"https:\/\/nomnomtv.ca\/product\/formuler-z-mini\/"},"modified":"2026-02-01T01:10:16","modified_gmt":"2026-02-01T06:10:16","slug":"formuler-z-mini","status":"publish","type":"product","link":"https:\/\/nomnomtv.ca\/en\/product\/formuler-z-mini\/","title":{"rendered":"Formuler Z Mini"},"content":{"rendered":"","protected":false},"excerpt":{"rendered":"<div id=\"comp-logrkbv33\" class=\"Z_l5lU MMl86N zQ9jDz qvSjx3 Vq6kJx comp-logrkbv33 wixui-rich-text\" data-testid=\"richTextElement\">\n<p class=\"font_8 wixui-rich-text__text\">Output Resolution: 4K (3840 x 2160)<\/p>\n<\/div>\n<div id=\"comp-logrkbv43\" class=\"Z_l5lU ku3DBC zQ9jDz qvSjx3 Vq6kJx comp-logrkbv43 wixui-rich-text\" data-testid=\"richTextElement\">\n<p class=\"font_8 wixui-rich-text__text\"><span class=\"wixui-rich-text__text\">CPU: Realtek RTD1325<br class=\"wixui-rich-text__text\">GPU: Mali-G57 MC1<br class=\"wixui-rich-text__text\">RAM: 2GB LPDDR4 @2400MHz<br class=\"wixui-rich-text__text\">Storage: 8GB eMMC<br class=\"wixui-rich-text__text\">OS: Android 12<\/span><\/p>\n<\/div>\n<div id=\"comp-logrkbv6\" class=\"Z_l5lU ku3DBC zQ9jDz qvSjx3 Vq6kJx comp-logrkbv6 wixui-rich-text\" data-testid=\"richTextElement\">\n<p class=\"font_8 wixui-rich-text__text\"><span class=\"wixui-rich-text__text\">Network<\/span><\/p>\n<\/div>\n<div id=\"comp-logrkbv7\" class=\"Z_l5lU ku3DBC zQ9jDz qvSjx3 Vq6kJx comp-logrkbv7 wixui-rich-text\" data-testid=\"richTextElement\">\n<p class=\"font_8 wixui-rich-text__text\"><span class=\"wixui-rich-text__text\">Wireless: AC 2&#215;2<br class=\"wixui-rich-text__text\">BT: 5.0<\/span><\/p>\n<\/div>\n","protected":false},"featured_media":415,"template":"","meta":[],"product_brand":[],"product_cat":[24],"product_tag":[],"class_list":{"0":"post-595","1":"product","2":"type-product","3":"status-publish","4":"has-post-thumbnail","6":"product_cat-non-classe","8":"first","9":"instock","10":"shipping-taxable","11":"purchasable","12":"product-type-simple"},"yoast_head":"<!-- This site is optimized with the Yoast SEO plugin v27.3 - https:\/\/yoast.com\/product\/yoast-seo-wordpress\/ -->\n<title>Formuler Z Mini - Meilleur d\u00e9codeur Android IPTV cl\u00e9 en main au Qu\u00e9bec<\/title>\n<meta name=\"robots\" content=\"index, follow, max-snippet:-1, max-image-preview:large, max-video-preview:-1\" \/>\n<link rel=\"canonical\" href=\"https:\/\/nomnomtv.ca\/en\/product\/formuler-z-mini\/\" \/>\n<meta property=\"og:locale\" content=\"en_US\" \/>\n<meta property=\"og:type\" content=\"article\" \/>\n<meta property=\"og:title\" content=\"Formuler Z Mini - Meilleur d\u00e9codeur Android IPTV cl\u00e9 en main au Qu\u00e9bec\" \/>\n<meta property=\"og:description\" content=\"Output Resolution: 4K (3840 x 2160)  CPU: Realtek RTD1325GPU: Mali-G57 MC1RAM: 2GB LPDDR4 @2400MHzStorage: 8GB eMMCOS: Android 12  Network  Wireless: AC 2x2BT: 5.0\" \/>\n<meta property=\"og:url\" content=\"https:\/\/nomnomtv.ca\/en\/product\/formuler-z-mini\/\" \/>\n<meta property=\"og:site_name\" content=\"Meilleur d\u00e9codeur Android IPTV cl\u00e9 en main au Qu\u00e9bec\" \/>\n<meta property=\"article:modified_time\" content=\"2026-02-01T06:10:16+00:00\" \/>\n<meta property=\"og:image\" content=\"https:\/\/nomnomtv.ca\/wp-content\/uploads\/2026\/02\/formule-mini-1-product.png\" \/>\n\t<meta property=\"og:image:width\" content=\"600\" \/>\n\t<meta property=\"og:image:height\" content=\"600\" \/>\n\t<meta property=\"og:image:type\" content=\"image\/png\" \/>\n<meta name=\"twitter:card\" content=\"summary_large_image\" \/>\n<script type=\"application\/ld+json\" class=\"yoast-schema-graph\">{\"@context\":\"https:\\\/\\\/schema.org\",\"@graph\":[{\"@type\":\"WebPage\",\"@id\":\"https:\\\/\\\/nomnomtv.ca\\\/en\\\/product\\\/formuler-z-mini\\\/\",\"url\":\"https:\\\/\\\/nomnomtv.ca\\\/en\\\/product\\\/formuler-z-mini\\\/\",\"name\":\"Formuler Z Mini - Meilleur d\u00e9codeur Android IPTV cl\u00e9 en main au Qu\u00e9bec\",\"isPartOf\":{\"@id\":\"https:\\\/\\\/nomnomtv.ca\\\/en\\\/#website\"},\"primaryImageOfPage\":{\"@id\":\"https:\\\/\\\/nomnomtv.ca\\\/en\\\/product\\\/formuler-z-mini\\\/#primaryimage\"},\"image\":{\"@id\":\"https:\\\/\\\/nomnomtv.ca\\\/en\\\/product\\\/formuler-z-mini\\\/#primaryimage\"},\"thumbnailUrl\":\"https:\\\/\\\/nomnomtv.ca\\\/wp-content\\\/uploads\\\/2026\\\/02\\\/abonnement-arubox-tv-iptv.png\",\"datePublished\":\"2026-02-01T01:10:16+00:00\",\"dateModified\":\"2026-02-01T06:10:16+00:00\",\"breadcrumb\":{\"@id\":\"https:\\\/\\\/nomnomtv.ca\\\/en\\\/product\\\/formuler-z-mini\\\/#breadcrumb\"},\"inLanguage\":\"en-US\",\"potentialAction\":[{\"@type\":\"ReadAction\",\"target\":[\"https:\\\/\\\/nomnomtv.ca\\\/en\\\/product\\\/formuler-z-mini\\\/\"]}]},{\"@type\":\"ImageObject\",\"inLanguage\":\"en-US\",\"@id\":\"https:\\\/\\\/nomnomtv.ca\\\/en\\\/product\\\/formuler-z-mini\\\/#primaryimage\",\"url\":\"https:\\\/\\\/nomnomtv.ca\\\/wp-content\\\/uploads\\\/2026\\\/02\\\/abonnement-arubox-tv-iptv.png\",\"contentUrl\":\"https:\\\/\\\/nomnomtv.ca\\\/wp-content\\\/uploads\\\/2026\\\/02\\\/abonnement-arubox-tv-iptv.png\",\"width\":600,\"height\":600,\"caption\":\"Abonnement Arubox TV IPTV avec contenu international et films r\u00e9cents\"},{\"@type\":\"BreadcrumbList\",\"@id\":\"https:\\\/\\\/nomnomtv.ca\\\/en\\\/product\\\/formuler-z-mini\\\/#breadcrumb\",\"itemListElement\":[{\"@type\":\"ListItem\",\"position\":1,\"name\":\"Accueil\",\"item\":\"https:\\\/\\\/nomnomtv.ca\\\/en\\\/home\\\/\"},{\"@type\":\"ListItem\",\"position\":2,\"name\":\"Shop\",\"item\":\"https:\\\/\\\/nomnomtv.ca\\\/en\\\/shop\\\/\"},{\"@type\":\"ListItem\",\"position\":3,\"name\":\"Formuler Z Mini\"}]},{\"@type\":\"WebSite\",\"@id\":\"https:\\\/\\\/nomnomtv.ca\\\/en\\\/#website\",\"url\":\"https:\\\/\\\/nomnomtv.ca\\\/en\\\/\",\"name\":\"NomNomTV\",\"description\":\"La t\u00e9l\u00e9 qui avale tout sur son passage\",\"publisher\":{\"@id\":\"https:\\\/\\\/nomnomtv.ca\\\/en\\\/#organization\"},\"potentialAction\":[{\"@type\":\"SearchAction\",\"target\":{\"@type\":\"EntryPoint\",\"urlTemplate\":\"https:\\\/\\\/nomnomtv.ca\\\/en\\\/?s={search_term_string}\"},\"query-input\":{\"@type\":\"PropertyValueSpecification\",\"valueRequired\":true,\"valueName\":\"search_term_string\"}}],\"inLanguage\":\"en-US\"},{\"@type\":\"Organization\",\"@id\":\"https:\\\/\\\/nomnomtv.ca\\\/en\\\/#organization\",\"name\":\"NomNomTV\",\"url\":\"https:\\\/\\\/nomnomtv.ca\\\/en\\\/\",\"logo\":{\"@type\":\"ImageObject\",\"inLanguage\":\"en-US\",\"@id\":\"https:\\\/\\\/nomnomtv.ca\\\/en\\\/#\\\/schema\\\/logo\\\/image\\\/\",\"url\":\"https:\\\/\\\/nomnomtv.ca\\\/wp-content\\\/uploads\\\/2026\\\/01\\\/nomnom-tv-logo-blanc.png\",\"contentUrl\":\"https:\\\/\\\/nomnomtv.ca\\\/wp-content\\\/uploads\\\/2026\\\/01\\\/nomnom-tv-logo-blanc.png\",\"width\":599,\"height\":709,\"caption\":\"NomNomTV\"},\"image\":{\"@id\":\"https:\\\/\\\/nomnomtv.ca\\\/en\\\/#\\\/schema\\\/logo\\\/image\\\/\"}}]}<\/script>\n<!-- \/ Yoast SEO plugin. -->","yoast_head_json":{"title":"Formuler Z Mini - Meilleur d\u00e9codeur Android IPTV cl\u00e9 en main au Qu\u00e9bec","robots":{"index":"index","follow":"follow","max-snippet":"max-snippet:-1","max-image-preview":"max-image-preview:large","max-video-preview":"max-video-preview:-1"},"canonical":"https:\/\/nomnomtv.ca\/en\/product\/formuler-z-mini\/","og_locale":"en_US","og_type":"article","og_title":"Formuler Z Mini - Meilleur d\u00e9codeur Android IPTV cl\u00e9 en main au Qu\u00e9bec","og_description":"Output Resolution: 4K (3840 x 2160)  CPU: Realtek RTD1325GPU: Mali-G57 MC1RAM: 2GB LPDDR4 @2400MHzStorage: 8GB eMMCOS: Android 12  Network  Wireless: AC 2x2BT: 5.0","og_url":"https:\/\/nomnomtv.ca\/en\/product\/formuler-z-mini\/","og_site_name":"Meilleur d\u00e9codeur Android IPTV cl\u00e9 en main au Qu\u00e9bec","article_modified_time":"2026-02-01T06:10:16+00:00","og_image":[{"width":600,"height":600,"url":"https:\/\/nomnomtv.ca\/wp-content\/uploads\/2026\/02\/formule-mini-1-product.png","type":"image\/png"}],"twitter_card":"summary_large_image","schema":{"@context":"https:\/\/schema.org","@graph":[{"@type":"WebPage","@id":"https:\/\/nomnomtv.ca\/en\/product\/formuler-z-mini\/","url":"https:\/\/nomnomtv.ca\/en\/product\/formuler-z-mini\/","name":"Formuler Z Mini - Meilleur d\u00e9codeur Android IPTV cl\u00e9 en main au Qu\u00e9bec","isPartOf":{"@id":"https:\/\/nomnomtv.ca\/en\/#website"},"primaryImageOfPage":{"@id":"https:\/\/nomnomtv.ca\/en\/product\/formuler-z-mini\/#primaryimage"},"image":{"@id":"https:\/\/nomnomtv.ca\/en\/product\/formuler-z-mini\/#primaryimage"},"thumbnailUrl":"https:\/\/nomnomtv.ca\/wp-content\/uploads\/2026\/02\/abonnement-arubox-tv-iptv.png","datePublished":"2026-02-01T01:10:16+00:00","dateModified":"2026-02-01T06:10:16+00:00","breadcrumb":{"@id":"https:\/\/nomnomtv.ca\/en\/product\/formuler-z-mini\/#breadcrumb"},"inLanguage":"en-US","potentialAction":[{"@type":"ReadAction","target":["https:\/\/nomnomtv.ca\/en\/product\/formuler-z-mini\/"]}]},{"@type":"ImageObject","inLanguage":"en-US","@id":"https:\/\/nomnomtv.ca\/en\/product\/formuler-z-mini\/#primaryimage","url":"https:\/\/nomnomtv.ca\/wp-content\/uploads\/2026\/02\/abonnement-arubox-tv-iptv.png","contentUrl":"https:\/\/nomnomtv.ca\/wp-content\/uploads\/2026\/02\/abonnement-arubox-tv-iptv.png","width":600,"height":600,"caption":"Abonnement Arubox TV IPTV avec contenu international et films r\u00e9cents"},{"@type":"BreadcrumbList","@id":"https:\/\/nomnomtv.ca\/en\/product\/formuler-z-mini\/#breadcrumb","itemListElement":[{"@type":"ListItem","position":1,"name":"Accueil","item":"https:\/\/nomnomtv.ca\/en\/home\/"},{"@type":"ListItem","position":2,"name":"Shop","item":"https:\/\/nomnomtv.ca\/en\/shop\/"},{"@type":"ListItem","position":3,"name":"Formuler Z Mini"}]},{"@type":"WebSite","@id":"https:\/\/nomnomtv.ca\/en\/#website","url":"https:\/\/nomnomtv.ca\/en\/","name":"NomNomTV","description":"La t\u00e9l\u00e9 qui avale tout sur son passage","publisher":{"@id":"https:\/\/nomnomtv.ca\/en\/#organization"},"potentialAction":[{"@type":"SearchAction","target":{"@type":"EntryPoint","urlTemplate":"https:\/\/nomnomtv.ca\/en\/?s={search_term_string}"},"query-input":{"@type":"PropertyValueSpecification","valueRequired":true,"valueName":"search_term_string"}}],"inLanguage":"en-US"},{"@type":"Organization","@id":"https:\/\/nomnomtv.ca\/en\/#organization","name":"NomNomTV","url":"https:\/\/nomnomtv.ca\/en\/","logo":{"@type":"ImageObject","inLanguage":"en-US","@id":"https:\/\/nomnomtv.ca\/en\/#\/schema\/logo\/image\/","url":"https:\/\/nomnomtv.ca\/wp-content\/uploads\/2026\/01\/nomnom-tv-logo-blanc.png","contentUrl":"https:\/\/nomnomtv.ca\/wp-content\/uploads\/2026\/01\/nomnom-tv-logo-blanc.png","width":599,"height":709,"caption":"NomNomTV"},"image":{"@id":"https:\/\/nomnomtv.ca\/en\/#\/schema\/logo\/image\/"}}]}},"jetpack_sharing_enabled":true,"_links":{"self":[{"href":"https:\/\/nomnomtv.ca\/en\/wp-json\/wp\/v2\/product\/595","targetHints":{"allow":["GET"]}}],"collection":[{"href":"https:\/\/nomnomtv.ca\/en\/wp-json\/wp\/v2\/product"}],"about":[{"href":"https:\/\/nomnomtv.ca\/en\/wp-json\/wp\/v2\/types\/product"}],"wp:featuredmedia":[{"embeddable":true,"href":"https:\/\/nomnomtv.ca\/en\/wp-json\/wp\/v2\/media\/415"}],"wp:attachment":[{"href":"https:\/\/nomnomtv.ca\/en\/wp-json\/wp\/v2\/media?parent=595"}],"wp:term":[{"taxonomy":"product_brand","embeddable":true,"href":"https:\/\/nomnomtv.ca\/en\/wp-json\/wp\/v2\/product_brand?post=595"},{"taxonomy":"product_cat","embeddable":true,"href":"https:\/\/nomnomtv.ca\/en\/wp-json\/wp\/v2\/product_cat?post=595"},{"taxonomy":"product_tag","embeddable":true,"href":"https:\/\/nomnomtv.ca\/en\/wp-json\/wp\/v2\/product_tag?post=595"}],"curies":[{"name":"wp","href":"https:\/\/api.w.org\/{rel}","templated":true}]}}