{"id":600,"date":"2026-02-07T18:33:53","date_gmt":"2026-02-07T23:33:53","guid":{"rendered":"https:\/\/nomnomtv.ca\/product\/6-month-supply\/"},"modified":"2026-02-07T18:33:53","modified_gmt":"2026-02-07T23:33:53","slug":"6-month-supply","status":"publish","type":"product","link":"https:\/\/nomnomtv.ca\/en\/product\/6-month-supply\/","title":{"rendered":"6-month supply"},"content":{"rendered":"","protected":false},"excerpt":{"rendered":"<p>Already have your Formuler device?<br data-start=\"510\" data-end=\"513\">Purchase the 6-month plan and your login credentials will be emailed to you shortly after your order.<\/p>\n","protected":false},"featured_media":423,"template":"","meta":[],"product_brand":[],"product_cat":[24],"product_tag":[],"class_list":{"0":"post-600","1":"product","2":"type-product","3":"status-publish","4":"has-post-thumbnail","6":"product_cat-non-classe","8":"first","9":"instock","10":"virtual","11":"purchasable","12":"product-type-simple"},"yoast_head":"<!-- This site is optimized with the Yoast SEO plugin v27.3 - https:\/\/yoast.com\/product\/yoast-seo-wordpress\/ -->\n<title>6-month supply - Meilleur d\u00e9codeur Android IPTV cl\u00e9 en main au Qu\u00e9bec<\/title>\n<meta name=\"robots\" content=\"index, follow, max-snippet:-1, max-image-preview:large, max-video-preview:-1\" \/>\n<link rel=\"canonical\" href=\"https:\/\/nomnomtv.ca\/en\/product\/6-month-supply\/\" \/>\n<meta property=\"og:locale\" content=\"en_US\" \/>\n<meta property=\"og:type\" content=\"article\" \/>\n<meta property=\"og:title\" content=\"6-month supply - Meilleur d\u00e9codeur Android IPTV cl\u00e9 en main au Qu\u00e9bec\" \/>\n<meta property=\"og:description\" content=\"Already have your Formuler device?Purchase the 6-month plan and your login credentials will be emailed to you shortly after your order.\" \/>\n<meta property=\"og:url\" content=\"https:\/\/nomnomtv.ca\/en\/product\/6-month-supply\/\" \/>\n<meta property=\"og:site_name\" content=\"Meilleur d\u00e9codeur Android IPTV cl\u00e9 en main au Qu\u00e9bec\" \/>\n<meta property=\"og:image\" content=\"https:\/\/nomnomtv.ca\/wp-content\/uploads\/2026\/02\/nomnom-6mois.jpeg\" \/>\n\t<meta property=\"og:image:width\" content=\"1024\" \/>\n\t<meta property=\"og:image:height\" content=\"1024\" \/>\n\t<meta property=\"og:image:type\" content=\"image\/jpeg\" \/>\n<meta name=\"twitter:card\" content=\"summary_large_image\" \/>\n<script type=\"application\/ld+json\" class=\"yoast-schema-graph\">{\"@context\":\"https:\\\/\\\/schema.org\",\"@graph\":[{\"@type\":\"WebPage\",\"@id\":\"https:\\\/\\\/nomnomtv.ca\\\/en\\\/product\\\/6-month-supply\\\/\",\"url\":\"https:\\\/\\\/nomnomtv.ca\\\/en\\\/product\\\/6-month-supply\\\/\",\"name\":\"6-month supply - Meilleur d\u00e9codeur Android IPTV cl\u00e9 en main au Qu\u00e9bec\",\"isPartOf\":{\"@id\":\"https:\\\/\\\/nomnomtv.ca\\\/en\\\/#website\"},\"primaryImageOfPage\":{\"@id\":\"https:\\\/\\\/nomnomtv.ca\\\/en\\\/product\\\/6-month-supply\\\/#primaryimage\"},\"image\":{\"@id\":\"https:\\\/\\\/nomnomtv.ca\\\/en\\\/product\\\/6-month-supply\\\/#primaryimage\"},\"thumbnailUrl\":\"https:\\\/\\\/nomnomtv.ca\\\/wp-content\\\/uploads\\\/2026\\\/02\\\/edge-iptv-canada-chaines-hd.jpeg\",\"datePublished\":\"2026-02-07T23:33:53+00:00\",\"breadcrumb\":{\"@id\":\"https:\\\/\\\/nomnomtv.ca\\\/en\\\/product\\\/6-month-supply\\\/#breadcrumb\"},\"inLanguage\":\"en-US\",\"potentialAction\":[{\"@type\":\"ReadAction\",\"target\":[\"https:\\\/\\\/nomnomtv.ca\\\/en\\\/product\\\/6-month-supply\\\/\"]}]},{\"@type\":\"ImageObject\",\"inLanguage\":\"en-US\",\"@id\":\"https:\\\/\\\/nomnomtv.ca\\\/en\\\/product\\\/6-month-supply\\\/#primaryimage\",\"url\":\"https:\\\/\\\/nomnomtv.ca\\\/wp-content\\\/uploads\\\/2026\\\/02\\\/edge-iptv-canada-chaines-hd.jpeg\",\"contentUrl\":\"https:\\\/\\\/nomnomtv.ca\\\/wp-content\\\/uploads\\\/2026\\\/02\\\/edge-iptv-canada-chaines-hd.jpeg\",\"width\":1024,\"height\":1024,\"caption\":\"Service t\u00e9l\u00e9 Edge IPTV Canada avec cha\u00eenes HD films et s\u00e9ries en direct\"},{\"@type\":\"BreadcrumbList\",\"@id\":\"https:\\\/\\\/nomnomtv.ca\\\/en\\\/product\\\/6-month-supply\\\/#breadcrumb\",\"itemListElement\":[{\"@type\":\"ListItem\",\"position\":1,\"name\":\"Accueil\",\"item\":\"https:\\\/\\\/nomnomtv.ca\\\/en\\\/home\\\/\"},{\"@type\":\"ListItem\",\"position\":2,\"name\":\"Shop\",\"item\":\"https:\\\/\\\/nomnomtv.ca\\\/en\\\/shop\\\/\"},{\"@type\":\"ListItem\",\"position\":3,\"name\":\"6-month supply\"}]},{\"@type\":\"WebSite\",\"@id\":\"https:\\\/\\\/nomnomtv.ca\\\/en\\\/#website\",\"url\":\"https:\\\/\\\/nomnomtv.ca\\\/en\\\/\",\"name\":\"NomNomTV\",\"description\":\"La t\u00e9l\u00e9 qui avale tout sur son passage\",\"publisher\":{\"@id\":\"https:\\\/\\\/nomnomtv.ca\\\/en\\\/#organization\"},\"potentialAction\":[{\"@type\":\"SearchAction\",\"target\":{\"@type\":\"EntryPoint\",\"urlTemplate\":\"https:\\\/\\\/nomnomtv.ca\\\/en\\\/?s={search_term_string}\"},\"query-input\":{\"@type\":\"PropertyValueSpecification\",\"valueRequired\":true,\"valueName\":\"search_term_string\"}}],\"inLanguage\":\"en-US\"},{\"@type\":\"Organization\",\"@id\":\"https:\\\/\\\/nomnomtv.ca\\\/en\\\/#organization\",\"name\":\"NomNomTV\",\"url\":\"https:\\\/\\\/nomnomtv.ca\\\/en\\\/\",\"logo\":{\"@type\":\"ImageObject\",\"inLanguage\":\"en-US\",\"@id\":\"https:\\\/\\\/nomnomtv.ca\\\/en\\\/#\\\/schema\\\/logo\\\/image\\\/\",\"url\":\"https:\\\/\\\/nomnomtv.ca\\\/wp-content\\\/uploads\\\/2026\\\/01\\\/nomnom-tv-logo-blanc.png\",\"contentUrl\":\"https:\\\/\\\/nomnomtv.ca\\\/wp-content\\\/uploads\\\/2026\\\/01\\\/nomnom-tv-logo-blanc.png\",\"width\":599,\"height\":709,\"caption\":\"NomNomTV\"},\"image\":{\"@id\":\"https:\\\/\\\/nomnomtv.ca\\\/en\\\/#\\\/schema\\\/logo\\\/image\\\/\"}}]}<\/script>\n<!-- \/ Yoast SEO plugin. -->","yoast_head_json":{"title":"6-month supply - Meilleur d\u00e9codeur Android IPTV cl\u00e9 en main au Qu\u00e9bec","robots":{"index":"index","follow":"follow","max-snippet":"max-snippet:-1","max-image-preview":"max-image-preview:large","max-video-preview":"max-video-preview:-1"},"canonical":"https:\/\/nomnomtv.ca\/en\/product\/6-month-supply\/","og_locale":"en_US","og_type":"article","og_title":"6-month supply - Meilleur d\u00e9codeur Android IPTV cl\u00e9 en main au Qu\u00e9bec","og_description":"Already have your Formuler device?Purchase the 6-month plan and your login credentials will be emailed to you shortly after your order.","og_url":"https:\/\/nomnomtv.ca\/en\/product\/6-month-supply\/","og_site_name":"Meilleur d\u00e9codeur Android IPTV cl\u00e9 en main au Qu\u00e9bec","og_image":[{"width":1024,"height":1024,"url":"https:\/\/nomnomtv.ca\/wp-content\/uploads\/2026\/02\/nomnom-6mois.jpeg","type":"image\/jpeg"}],"twitter_card":"summary_large_image","schema":{"@context":"https:\/\/schema.org","@graph":[{"@type":"WebPage","@id":"https:\/\/nomnomtv.ca\/en\/product\/6-month-supply\/","url":"https:\/\/nomnomtv.ca\/en\/product\/6-month-supply\/","name":"6-month supply - Meilleur d\u00e9codeur Android IPTV cl\u00e9 en main au Qu\u00e9bec","isPartOf":{"@id":"https:\/\/nomnomtv.ca\/en\/#website"},"primaryImageOfPage":{"@id":"https:\/\/nomnomtv.ca\/en\/product\/6-month-supply\/#primaryimage"},"image":{"@id":"https:\/\/nomnomtv.ca\/en\/product\/6-month-supply\/#primaryimage"},"thumbnailUrl":"https:\/\/nomnomtv.ca\/wp-content\/uploads\/2026\/02\/edge-iptv-canada-chaines-hd.jpeg","datePublished":"2026-02-07T23:33:53+00:00","breadcrumb":{"@id":"https:\/\/nomnomtv.ca\/en\/product\/6-month-supply\/#breadcrumb"},"inLanguage":"en-US","potentialAction":[{"@type":"ReadAction","target":["https:\/\/nomnomtv.ca\/en\/product\/6-month-supply\/"]}]},{"@type":"ImageObject","inLanguage":"en-US","@id":"https:\/\/nomnomtv.ca\/en\/product\/6-month-supply\/#primaryimage","url":"https:\/\/nomnomtv.ca\/wp-content\/uploads\/2026\/02\/edge-iptv-canada-chaines-hd.jpeg","contentUrl":"https:\/\/nomnomtv.ca\/wp-content\/uploads\/2026\/02\/edge-iptv-canada-chaines-hd.jpeg","width":1024,"height":1024,"caption":"Service t\u00e9l\u00e9 Edge IPTV Canada avec cha\u00eenes HD films et s\u00e9ries en direct"},{"@type":"BreadcrumbList","@id":"https:\/\/nomnomtv.ca\/en\/product\/6-month-supply\/#breadcrumb","itemListElement":[{"@type":"ListItem","position":1,"name":"Accueil","item":"https:\/\/nomnomtv.ca\/en\/home\/"},{"@type":"ListItem","position":2,"name":"Shop","item":"https:\/\/nomnomtv.ca\/en\/shop\/"},{"@type":"ListItem","position":3,"name":"6-month supply"}]},{"@type":"WebSite","@id":"https:\/\/nomnomtv.ca\/en\/#website","url":"https:\/\/nomnomtv.ca\/en\/","name":"NomNomTV","description":"La t\u00e9l\u00e9 qui avale tout sur son passage","publisher":{"@id":"https:\/\/nomnomtv.ca\/en\/#organization"},"potentialAction":[{"@type":"SearchAction","target":{"@type":"EntryPoint","urlTemplate":"https:\/\/nomnomtv.ca\/en\/?s={search_term_string}"},"query-input":{"@type":"PropertyValueSpecification","valueRequired":true,"valueName":"search_term_string"}}],"inLanguage":"en-US"},{"@type":"Organization","@id":"https:\/\/nomnomtv.ca\/en\/#organization","name":"NomNomTV","url":"https:\/\/nomnomtv.ca\/en\/","logo":{"@type":"ImageObject","inLanguage":"en-US","@id":"https:\/\/nomnomtv.ca\/en\/#\/schema\/logo\/image\/","url":"https:\/\/nomnomtv.ca\/wp-content\/uploads\/2026\/01\/nomnom-tv-logo-blanc.png","contentUrl":"https:\/\/nomnomtv.ca\/wp-content\/uploads\/2026\/01\/nomnom-tv-logo-blanc.png","width":599,"height":709,"caption":"NomNomTV"},"image":{"@id":"https:\/\/nomnomtv.ca\/en\/#\/schema\/logo\/image\/"}}]}},"jetpack_sharing_enabled":true,"_links":{"self":[{"href":"https:\/\/nomnomtv.ca\/en\/wp-json\/wp\/v2\/product\/600","targetHints":{"allow":["GET"]}}],"collection":[{"href":"https:\/\/nomnomtv.ca\/en\/wp-json\/wp\/v2\/product"}],"about":[{"href":"https:\/\/nomnomtv.ca\/en\/wp-json\/wp\/v2\/types\/product"}],"wp:featuredmedia":[{"embeddable":true,"href":"https:\/\/nomnomtv.ca\/en\/wp-json\/wp\/v2\/media\/423"}],"wp:attachment":[{"href":"https:\/\/nomnomtv.ca\/en\/wp-json\/wp\/v2\/media?parent=600"}],"wp:term":[{"taxonomy":"product_brand","embeddable":true,"href":"https:\/\/nomnomtv.ca\/en\/wp-json\/wp\/v2\/product_brand?post=600"},{"taxonomy":"product_cat","embeddable":true,"href":"https:\/\/nomnomtv.ca\/en\/wp-json\/wp\/v2\/product_cat?post=600"},{"taxonomy":"product_tag","embeddable":true,"href":"https:\/\/nomnomtv.ca\/en\/wp-json\/wp\/v2\/product_tag?post=600"}],"curies":[{"name":"wp","href":"https:\/\/api.w.org\/{rel}","templated":true}]}}